{"id":1161,"date":"2022-02-01T14:55:19","date_gmt":"2022-02-01T13:55:19","guid":{"rendered":"http:\/\/montix.wbfdev.cz\/pracovnici-z-ukrajiny\/"},"modified":"2023-06-06T20:30:56","modified_gmt":"2023-06-06T18:30:56","slug":"pracovnici-z-ukrajiny","status":"publish","type":"page","link":"https:\/\/www.agenturamontix.cz\/en\/pracovnici-z-ukrajiny\/","title":{"rendered":"Pracovn\u00edci z Ukrajiny EN"},"content":{"rendered":"\t\t<div data-elementor-type=\"wp-page\" data-elementor-id=\"1161\" class=\"elementor elementor-1161 elementor-339\" data-elementor-post-type=\"page\">\n\t\t\t\t\t\t<section class=\"elementor-section elementor-top-section elementor-element elementor-element-98b15cb elementor-section-full_width elementor-section-height-default elementor-section-height-default\" data-id=\"98b15cb\" data-element_type=\"section\" data-settings=\"{&quot;jet_parallax_layout_list&quot;:[],&quot;background_background&quot;:&quot;classic&quot;,&quot;motion_fx_motion_fx_scrolling&quot;:&quot;yes&quot;,&quot;motion_fx_devices&quot;:[&quot;desktop&quot;,&quot;tablet&quot;,&quot;mobile&quot;]}\">\n\t\t\t\t\t\t\t<div class=\"elementor-background-overlay\"><\/div>\n\t\t\t\t\t\t\t<div class=\"elementor-container elementor-column-gap-default\">\n\t\t\t\t\t<div class=\"elementor-column elementor-col-100 elementor-top-column elementor-element elementor-element-b578d84\" data-id=\"b578d84\" data-element_type=\"column\">\n\t\t\t<div class=\"elementor-widget-wrap elementor-element-populated\">\n\t\t\t\t\t\t<div class=\"elementor-element elementor-element-efc4138 animated-slow elementor-invisible elementor-widget elementor-widget-heading\" data-id=\"efc4138\" data-element_type=\"widget\" data-settings=\"{&quot;_animation&quot;:&quot;fadeIn&quot;,&quot;motion_fx_motion_fx_scrolling&quot;:&quot;yes&quot;,&quot;motion_fx_devices&quot;:[&quot;desktop&quot;,&quot;tablet&quot;,&quot;mobile&quot;]}\" data-widget_type=\"heading.default\">\n\t\t\t\t<div class=\"elementor-widget-container\">\n\t\t\t\t\t<h2 class=\"elementor-heading-title elementor-size-default\">Employees from Ukraine<\/h2>\t\t\t\t<\/div>\n\t\t\t\t<\/div>\n\t\t\t\t\t<\/div>\n\t\t<\/div>\n\t\t\t\t\t<\/div>\n\t\t<\/section>\n\t\t\t\t<section class=\"elementor-section elementor-top-section elementor-element elementor-element-487fdc9 elementor-section-full_width elementor-section-height-default elementor-section-height-default\" data-id=\"487fdc9\" data-element_type=\"section\" data-settings=\"{&quot;jet_parallax_layout_list&quot;:[]}\">\n\t\t\t\t\t\t<div class=\"elementor-container elementor-column-gap-default\">\n\t\t\t\t\t<div class=\"elementor-column elementor-col-50 elementor-top-column elementor-element elementor-element-868f3a3\" data-id=\"868f3a3\" data-element_type=\"column\" data-settings=\"{&quot;background_background&quot;:&quot;classic&quot;}\">\n\t\t\t<div class=\"elementor-widget-wrap elementor-element-populated\">\n\t\t\t\t\t\t<div class=\"elementor-element elementor-element-188175a elementor-widget elementor-widget-text-editor\" data-id=\"188175a\" data-element_type=\"widget\" data-widget_type=\"text-editor.default\">\n\t\t\t\t<div class=\"elementor-widget-container\">\n\t\t\t\t\t\t\t\t\t<p><span style=\"font-weight: 400;\">Ukrainian employees are in great demand on the Czech market. They have gained a reputation as hardworking, loyal and motivated employees who are characterized by flexibility, skills and expertise. They are able to adapt quickly to the work environment with a minimal language barrier.<\/span><\/p>\t\t\t\t\t\t\t\t<\/div>\n\t\t\t\t<\/div>\n\t\t\t\t\t<\/div>\n\t\t<\/div>\n\t\t\t\t<div class=\"elementor-column elementor-col-50 elementor-top-column elementor-element elementor-element-aa29b46\" data-id=\"aa29b46\" data-element_type=\"column\">\n\t\t\t<div class=\"elementor-widget-wrap elementor-element-populated\">\n\t\t\t\t\t\t<div class=\"elementor-element elementor-element-40644c8 animated-slow elementor-invisible elementor-widget elementor-widget-heading\" data-id=\"40644c8\" data-element_type=\"widget\" data-settings=\"{&quot;motion_fx_motion_fx_scrolling&quot;:&quot;yes&quot;,&quot;_animation&quot;:&quot;fadeIn&quot;,&quot;motion_fx_devices&quot;:[&quot;desktop&quot;,&quot;tablet&quot;,&quot;mobile&quot;]}\" data-widget_type=\"heading.default\">\n\t\t\t\t<div class=\"elementor-widget-container\">\n\t\t\t\t\t<h2 class=\"elementor-heading-title elementor-size-default\">Employment of Ukrainian citizens<\/h2>\t\t\t\t<\/div>\n\t\t\t\t<\/div>\n\t\t\t\t<div class=\"elementor-element elementor-element-6ce5b87 elementor-widget elementor-widget-text-editor\" data-id=\"6ce5b87\" data-element_type=\"widget\" data-widget_type=\"text-editor.default\">\n\t\t\t\t<div class=\"elementor-widget-container\">\n\t\t\t\t\t\t\t\t\t<p><span style=\"font-weight: 400;\">Ukrainian citizens who have applied or are requesting temporary protection on our territory in connection with the war in Ukraine have until 31.3. 2024 free access to the labor market and can start working immediately. They no longer need a work permit and it does not have to be a job declared to the employment office, may apply any vacancy.<\/span><\/p>\t\t\t\t\t\t\t\t<\/div>\n\t\t\t\t<\/div>\n\t\t\t\t\t<\/div>\n\t\t<\/div>\n\t\t\t\t\t<\/div>\n\t\t<\/section>\n\t\t\t\t<section class=\"elementor-section elementor-top-section elementor-element elementor-element-f60c19a elementor-section-full_width elementor-section-height-default elementor-section-height-default\" data-id=\"f60c19a\" data-element_type=\"section\" data-settings=\"{&quot;jet_parallax_layout_list&quot;:[],&quot;background_background&quot;:&quot;classic&quot;}\">\n\t\t\t\t\t\t<div class=\"elementor-container elementor-column-gap-default\">\n\t\t\t\t\t<div class=\"elementor-column elementor-col-100 elementor-top-column elementor-element elementor-element-5f2b0f0\" data-id=\"5f2b0f0\" data-element_type=\"column\">\n\t\t\t<div class=\"elementor-widget-wrap elementor-element-populated\">\n\t\t\t\t\t\t<div class=\"elementor-element elementor-element-f9dcfd8 animated-slow elementor-invisible elementor-widget elementor-widget-heading\" data-id=\"f9dcfd8\" data-element_type=\"widget\" data-settings=\"{&quot;_animation&quot;:&quot;fadeIn&quot;,&quot;motion_fx_motion_fx_scrolling&quot;:&quot;yes&quot;,&quot;motion_fx_devices&quot;:[&quot;desktop&quot;,&quot;tablet&quot;,&quot;mobile&quot;]}\" data-widget_type=\"heading.default\">\n\t\t\t\t<div class=\"elementor-widget-container\">\n\t\t\t\t\t<h2 class=\"elementor-heading-title elementor-size-default\">Service offer<\/h2>\t\t\t\t<\/div>\n\t\t\t\t<\/div>\n\t\t\t\t<section class=\"elementor-section elementor-inner-section elementor-element elementor-element-419a49c elementor-section-full_width elementor-section-height-default elementor-section-height-default\" data-id=\"419a49c\" data-element_type=\"section\" data-settings=\"{&quot;jet_parallax_layout_list&quot;:[]}\">\n\t\t\t\t\t\t<div class=\"elementor-container elementor-column-gap-default\">\n\t\t\t\t\t<div class=\"elementor-column elementor-col-50 elementor-inner-column elementor-element elementor-element-c06f7c1\" data-id=\"c06f7c1\" data-element_type=\"column\" data-settings=\"{&quot;background_background&quot;:&quot;classic&quot;}\">\n\t\t\t<div class=\"elementor-widget-wrap elementor-element-populated\">\n\t\t\t\t\t\t<div class=\"elementor-element elementor-element-3f34efe animated-slow elementor-invisible elementor-widget elementor-widget-heading\" data-id=\"3f34efe\" data-element_type=\"widget\" data-settings=\"{&quot;motion_fx_motion_fx_scrolling&quot;:&quot;yes&quot;,&quot;_animation&quot;:&quot;fadeIn&quot;,&quot;motion_fx_devices&quot;:[&quot;desktop&quot;,&quot;tablet&quot;,&quot;mobile&quot;]}\" data-widget_type=\"heading.default\">\n\t\t\t\t<div class=\"elementor-widget-container\">\n\t\t\t\t\t<h2 class=\"elementor-heading-title elementor-size-default\">Agency employment and job placement<\/h2>\t\t\t\t<\/div>\n\t\t\t\t<\/div>\n\t\t\t\t<div class=\"elementor-element elementor-element-d30eea3 elementor-icon-list--layout-traditional elementor-list-item-link-full_width elementor-widget elementor-widget-icon-list\" data-id=\"d30eea3\" data-element_type=\"widget\" data-widget_type=\"icon-list.default\">\n\t\t\t\t<div class=\"elementor-widget-container\">\n\t\t\t\t\t\t\t<ul class=\"elementor-icon-list-items\">\n\t\t\t\t\t\t\t<li class=\"elementor-icon-list-item\">\n\t\t\t\t\t\t\t\t\t\t\t<span class=\"elementor-icon-list-icon\">\n\t\t\t\t\t\t\t<i aria-hidden=\"true\" class=\"fas fa-chevron-right\"><\/i>\t\t\t\t\t\t<\/span>\n\t\t\t\t\t\t\t\t\t\t<span class=\"elementor-icon-list-text\">We provide manual, medium-skilled and highly-skilled workers in production, agriculture and services<\/span>\n\t\t\t\t\t\t\t\t\t<\/li>\n\t\t\t\t\t\t\t\t<li class=\"elementor-icon-list-item\">\n\t\t\t\t\t\t\t\t\t\t\t<span class=\"elementor-icon-list-icon\">\n\t\t\t\t\t\t\t<i aria-hidden=\"true\" class=\"fas fa-chevron-right\"><\/i>\t\t\t\t\t\t<\/span>\n\t\t\t\t\t\t\t\t\t\t<span class=\"elementor-icon-list-text\">In the form of temporary assignments, we provide short-term, medium-term and long-term employees with the possibility of taking over into the basic stuff<\/span>\n\t\t\t\t\t\t\t\t\t<\/li>\n\t\t\t\t\t\t\t\t<li class=\"elementor-icon-list-item\">\n\t\t\t\t\t\t\t\t\t\t\t<span class=\"elementor-icon-list-icon\">\n\t\t\t\t\t\t\t<i aria-hidden=\"true\" class=\"fas fa-chevron-right\"><\/i>\t\t\t\t\t\t<\/span>\n\t\t\t\t\t\t\t\t\t\t<span class=\"elementor-icon-list-text\">We are looking for employees in the basic staff for employers<\/span>\n\t\t\t\t\t\t\t\t\t<\/li>\n\t\t\t\t\t\t\t\t<li class=\"elementor-icon-list-item\">\n\t\t\t\t\t\t\t\t\t\t\t<span class=\"elementor-icon-list-icon\">\n\t\t\t\t\t\t\t<i aria-hidden=\"true\" class=\"fas fa-chevron-right\"><\/i>\t\t\t\t\t\t<\/span>\n\t\t\t\t\t\t\t\t\t\t<span class=\"elementor-icon-list-text\">The Ukrainian coordinators are in close contact with both parties all the time<\/span>\n\t\t\t\t\t\t\t\t\t<\/li>\n\t\t\t\t\t\t\t\t<li class=\"elementor-icon-list-item\">\n\t\t\t\t\t\t\t\t\t\t\t<span class=\"elementor-icon-list-icon\">\n\t\t\t\t\t\t\t<i aria-hidden=\"true\" class=\"fas fa-chevron-right\"><\/i>\t\t\t\t\t\t<\/span>\n\t\t\t\t\t\t\t\t\t\t<span class=\"elementor-icon-list-text\">We provide accommodation and transport for assigned employees<\/span>\n\t\t\t\t\t\t\t\t\t<\/li>\n\t\t\t\t\t\t<\/ul>\n\t\t\t\t\t\t<\/div>\n\t\t\t\t<\/div>\n\t\t\t\t\t<\/div>\n\t\t<\/div>\n\t\t\t\t<div class=\"elementor-column elementor-col-50 elementor-inner-column elementor-element elementor-element-7721db7\" data-id=\"7721db7\" data-element_type=\"column\" data-settings=\"{&quot;background_background&quot;:&quot;classic&quot;}\">\n\t\t\t<div class=\"elementor-widget-wrap elementor-element-populated\">\n\t\t\t\t\t\t<div class=\"elementor-element elementor-element-cb334b4 animated-slow elementor-invisible elementor-widget elementor-widget-heading\" data-id=\"cb334b4\" data-element_type=\"widget\" data-settings=\"{&quot;motion_fx_motion_fx_scrolling&quot;:&quot;yes&quot;,&quot;_animation&quot;:&quot;fadeIn&quot;,&quot;motion_fx_devices&quot;:[&quot;desktop&quot;,&quot;tablet&quot;,&quot;mobile&quot;]}\" data-widget_type=\"heading.default\">\n\t\t\t\t<div class=\"elementor-widget-container\">\n\t\t\t\t\t<h2 class=\"elementor-heading-title elementor-size-default\">Translations from or into Ukrainian<\/h2>\t\t\t\t<\/div>\n\t\t\t\t<\/div>\n\t\t\t\t<div class=\"elementor-element elementor-element-7e354f8 elementor-icon-list--layout-traditional elementor-list-item-link-full_width elementor-widget elementor-widget-icon-list\" data-id=\"7e354f8\" data-element_type=\"widget\" data-widget_type=\"icon-list.default\">\n\t\t\t\t<div class=\"elementor-widget-container\">\n\t\t\t\t\t\t\t<ul class=\"elementor-icon-list-items\">\n\t\t\t\t\t\t\t<li class=\"elementor-icon-list-item\">\n\t\t\t\t\t\t\t\t\t\t\t<span class=\"elementor-icon-list-icon\">\n\t\t\t\t\t\t\t<i aria-hidden=\"true\" class=\"fas fa-chevron-right\"><\/i>\t\t\t\t\t\t<\/span>\n\t\t\t\t\t\t\t\t\t\t<span class=\"elementor-icon-list-text\">For companies employing Ukrainian employees, we translate contracts, work procedures, safety data sheets, internal standards, manuals, technical and project documentation, instructions for use and operation of machines, technical drawings, medical reports<\/span>\n\t\t\t\t\t\t\t\t\t<\/li>\n\t\t\t\t\t\t<\/ul>\n\t\t\t\t\t\t<\/div>\n\t\t\t\t<\/div>\n\t\t\t\t\t<\/div>\n\t\t<\/div>\n\t\t\t\t\t<\/div>\n\t\t<\/section>\n\t\t\t\t\t<\/div>\n\t\t<\/div>\n\t\t\t\t\t<\/div>\n\t\t<\/section>\n\t\t\t\t<section class=\"elementor-section elementor-top-section elementor-element elementor-element-d762094 elementor-section-full_width elementor-section-height-default elementor-section-height-default\" data-id=\"d762094\" data-element_type=\"section\" data-settings=\"{&quot;jet_parallax_layout_list&quot;:[],&quot;background_background&quot;:&quot;classic&quot;}\">\n\t\t\t\t\t\t\t<div class=\"elementor-background-overlay\"><\/div>\n\t\t\t\t\t\t\t<div class=\"elementor-container elementor-column-gap-default\">\n\t\t\t\t\t<div class=\"elementor-column elementor-col-100 elementor-top-column elementor-element elementor-element-6608880\" data-id=\"6608880\" data-element_type=\"column\">\n\t\t\t<div class=\"elementor-widget-wrap elementor-element-populated\">\n\t\t\t\t\t\t<div class=\"elementor-element elementor-element-f361028 animated-slow elementor-invisible elementor-widget elementor-widget-heading\" data-id=\"f361028\" data-element_type=\"widget\" data-settings=\"{&quot;_animation&quot;:&quot;fadeIn&quot;,&quot;motion_fx_motion_fx_scrolling&quot;:&quot;yes&quot;,&quot;motion_fx_devices&quot;:[&quot;desktop&quot;,&quot;tablet&quot;,&quot;mobile&quot;]}\" data-widget_type=\"heading.default\">\n\t\t\t\t<div class=\"elementor-widget-container\">\n\t\t\t\t\t<h2 class=\"elementor-heading-title elementor-size-default\">ARE YOU INTERESTED IN OUR SERVICES?<\/h2>\t\t\t\t<\/div>\n\t\t\t\t<\/div>\n\t\t\t\t<div class=\"elementor-element elementor-element-26abacb elementor-align-center animated-slow elementor-invisible elementor-widget elementor-widget-button\" data-id=\"26abacb\" data-element_type=\"widget\" data-settings=\"{&quot;_animation&quot;:&quot;fadeIn&quot;}\" data-widget_type=\"button.default\">\n\t\t\t\t<div class=\"elementor-widget-container\">\n\t\t\t\t\t\t\t\t\t<div class=\"elementor-button-wrapper\">\n\t\t\t\t\t<a class=\"elementor-button elementor-button-link elementor-size-sm elementor-animation-shrink\" href=\"https:\/\/www.agenturamontix.cz\/kontakt\/\">\n\t\t\t\t\t\t<span class=\"elementor-button-content-wrapper\">\n\t\t\t\t\t\t\t\t\t<span class=\"elementor-button-text\">Contact<\/span>\n\t\t\t\t\t<\/span>\n\t\t\t\t\t<\/a>\n\t\t\t\t<\/div>\n\t\t\t\t\t\t\t\t<\/div>\n\t\t\t\t<\/div>\n\t\t\t\t\t<\/div>\n\t\t<\/div>\n\t\t\t\t\t<\/div>\n\t\t<\/section>\n\t\t\t\t<\/div>\n\t\t","protected":false},"excerpt":{"rendered":"<p>Employees from Ukraine Ukrainian employees are in great demand on the Czech market. They have gained a reputation as hardworking, loyal and motivated employees who are characterized by flexibility, skills and expertise. They are able to adapt quickly to the work environment with a minimal language barrier. Employment of Ukrainian citizens Ukrainian citizens who have [&hellip;]<\/p>\n","protected":false},"author":1,"featured_media":0,"parent":0,"menu_order":0,"comment_status":"closed","ping_status":"closed","template":"elementor_header_footer","meta":{"footnotes":""},"class_list":["post-1161","page","type-page","status-publish","hentry"],"yoast_head":"<!-- This site is optimized with the Yoast SEO plugin v25.2 - https:\/\/yoast.com\/wordpress\/plugins\/seo\/ -->\n<title>Pracovn\u00edci z Ukrajiny EN - MONTIX | person\u00e1ln\u00ed agentura<\/title>\n<meta name=\"robots\" content=\"index, follow, max-snippet:-1, max-image-preview:large, max-video-preview:-1\" \/>\n<link rel=\"canonical\" href=\"https:\/\/www.agenturamontix.cz\/en\/pracovnici-z-ukrajiny\/\" \/>\n<meta property=\"og:locale\" content=\"en_US\" \/>\n<meta property=\"og:type\" content=\"article\" \/>\n<meta property=\"og:title\" content=\"Pracovn\u00edci z Ukrajiny EN - MONTIX | person\u00e1ln\u00ed agentura\" \/>\n<meta property=\"og:description\" content=\"Employees from Ukraine Ukrainian employees are in great demand on the Czech market. They have gained a reputation as hardworking, loyal and motivated employees who are characterized by flexibility, skills and expertise. They are able to adapt quickly to the work environment with a minimal language barrier. Employment of Ukrainian citizens Ukrainian citizens who have [&hellip;]\" \/>\n<meta property=\"og:url\" content=\"https:\/\/www.agenturamontix.cz\/en\/pracovnici-z-ukrajiny\/\" \/>\n<meta property=\"og:site_name\" content=\"MONTIX | person\u00e1ln\u00ed agentura\" \/>\n<meta property=\"article:modified_time\" content=\"2023-06-06T18:30:56+00:00\" \/>\n<meta name=\"twitter:card\" content=\"summary_large_image\" \/>\n<meta name=\"twitter:label1\" content=\"Est. reading time\" \/>\n\t<meta name=\"twitter:data1\" content=\"1 minute\" \/>\n<script type=\"application\/ld+json\" class=\"yoast-schema-graph\">{\"@context\":\"https:\/\/schema.org\",\"@graph\":[{\"@type\":\"WebPage\",\"@id\":\"https:\/\/www.agenturamontix.cz\/en\/pracovnici-z-ukrajiny\/\",\"url\":\"https:\/\/www.agenturamontix.cz\/en\/pracovnici-z-ukrajiny\/\",\"name\":\"Pracovn\u00edci z Ukrajiny EN - MONTIX | person\u00e1ln\u00ed agentura\",\"isPartOf\":{\"@id\":\"https:\/\/www.agenturamontix.cz\/#website\"},\"datePublished\":\"2022-02-01T13:55:19+00:00\",\"dateModified\":\"2023-06-06T18:30:56+00:00\",\"breadcrumb\":{\"@id\":\"https:\/\/www.agenturamontix.cz\/en\/pracovnici-z-ukrajiny\/#breadcrumb\"},\"inLanguage\":\"en-US\",\"potentialAction\":[{\"@type\":\"ReadAction\",\"target\":[\"https:\/\/www.agenturamontix.cz\/en\/pracovnici-z-ukrajiny\/\"]}]},{\"@type\":\"BreadcrumbList\",\"@id\":\"https:\/\/www.agenturamontix.cz\/en\/pracovnici-z-ukrajiny\/#breadcrumb\",\"itemListElement\":[{\"@type\":\"ListItem\",\"position\":1,\"name\":\"Dom\u016f\",\"item\":\"https:\/\/www.agenturamontix.cz\/en\/\"},{\"@type\":\"ListItem\",\"position\":2,\"name\":\"Pracovn\u00edci z Ukrajiny EN\"}]},{\"@type\":\"WebSite\",\"@id\":\"https:\/\/www.agenturamontix.cz\/#website\",\"url\":\"https:\/\/www.agenturamontix.cz\/\",\"name\":\"MONTIX | person\u00e1ln\u00ed agentura\",\"description\":\"Dal\u0161\u00ed web pou\u017e\u00edvaj\u00edc\u00ed WordPress\",\"publisher\":{\"@id\":\"https:\/\/www.agenturamontix.cz\/#organization\"},\"potentialAction\":[{\"@type\":\"SearchAction\",\"target\":{\"@type\":\"EntryPoint\",\"urlTemplate\":\"https:\/\/www.agenturamontix.cz\/?s={search_term_string}\"},\"query-input\":{\"@type\":\"PropertyValueSpecification\",\"valueRequired\":true,\"valueName\":\"search_term_string\"}}],\"inLanguage\":\"en-US\"},{\"@type\":\"Organization\",\"@id\":\"https:\/\/www.agenturamontix.cz\/#organization\",\"name\":\"Agentura MONTIX\",\"url\":\"https:\/\/www.agenturamontix.cz\/\",\"logo\":{\"@type\":\"ImageObject\",\"inLanguage\":\"en-US\",\"@id\":\"https:\/\/www.agenturamontix.cz\/#\/schema\/logo\/image\/\",\"url\":\"https:\/\/www.agenturamontix.cz\/wp-content\/uploads\/2022\/01\/Datovy-zdroj-1-5.png\",\"contentUrl\":\"https:\/\/www.agenturamontix.cz\/wp-content\/uploads\/2022\/01\/Datovy-zdroj-1-5.png\",\"width\":182,\"height\":40,\"caption\":\"Agentura MONTIX\"},\"image\":{\"@id\":\"https:\/\/www.agenturamontix.cz\/#\/schema\/logo\/image\/\"}}]}<\/script>\n<!-- \/ Yoast SEO plugin. -->","yoast_head_json":{"title":"Pracovn\u00edci z Ukrajiny EN - MONTIX | person\u00e1ln\u00ed agentura","robots":{"index":"index","follow":"follow","max-snippet":"max-snippet:-1","max-image-preview":"max-image-preview:large","max-video-preview":"max-video-preview:-1"},"canonical":"https:\/\/www.agenturamontix.cz\/en\/pracovnici-z-ukrajiny\/","og_locale":"en_US","og_type":"article","og_title":"Pracovn\u00edci z Ukrajiny EN - MONTIX | person\u00e1ln\u00ed agentura","og_description":"Employees from Ukraine Ukrainian employees are in great demand on the Czech market. They have gained a reputation as hardworking, loyal and motivated employees who are characterized by flexibility, skills and expertise. They are able to adapt quickly to the work environment with a minimal language barrier. Employment of Ukrainian citizens Ukrainian citizens who have [&hellip;]","og_url":"https:\/\/www.agenturamontix.cz\/en\/pracovnici-z-ukrajiny\/","og_site_name":"MONTIX | person\u00e1ln\u00ed agentura","article_modified_time":"2023-06-06T18:30:56+00:00","twitter_card":"summary_large_image","twitter_misc":{"Est. reading time":"1 minute"},"schema":{"@context":"https:\/\/schema.org","@graph":[{"@type":"WebPage","@id":"https:\/\/www.agenturamontix.cz\/en\/pracovnici-z-ukrajiny\/","url":"https:\/\/www.agenturamontix.cz\/en\/pracovnici-z-ukrajiny\/","name":"Pracovn\u00edci z Ukrajiny EN - MONTIX | person\u00e1ln\u00ed agentura","isPartOf":{"@id":"https:\/\/www.agenturamontix.cz\/#website"},"datePublished":"2022-02-01T13:55:19+00:00","dateModified":"2023-06-06T18:30:56+00:00","breadcrumb":{"@id":"https:\/\/www.agenturamontix.cz\/en\/pracovnici-z-ukrajiny\/#breadcrumb"},"inLanguage":"en-US","potentialAction":[{"@type":"ReadAction","target":["https:\/\/www.agenturamontix.cz\/en\/pracovnici-z-ukrajiny\/"]}]},{"@type":"BreadcrumbList","@id":"https:\/\/www.agenturamontix.cz\/en\/pracovnici-z-ukrajiny\/#breadcrumb","itemListElement":[{"@type":"ListItem","position":1,"name":"Dom\u016f","item":"https:\/\/www.agenturamontix.cz\/en\/"},{"@type":"ListItem","position":2,"name":"Pracovn\u00edci z Ukrajiny EN"}]},{"@type":"WebSite","@id":"https:\/\/www.agenturamontix.cz\/#website","url":"https:\/\/www.agenturamontix.cz\/","name":"MONTIX | person\u00e1ln\u00ed agentura","description":"Dal\u0161\u00ed web pou\u017e\u00edvaj\u00edc\u00ed WordPress","publisher":{"@id":"https:\/\/www.agenturamontix.cz\/#organization"},"potentialAction":[{"@type":"SearchAction","target":{"@type":"EntryPoint","urlTemplate":"https:\/\/www.agenturamontix.cz\/?s={search_term_string}"},"query-input":{"@type":"PropertyValueSpecification","valueRequired":true,"valueName":"search_term_string"}}],"inLanguage":"en-US"},{"@type":"Organization","@id":"https:\/\/www.agenturamontix.cz\/#organization","name":"Agentura MONTIX","url":"https:\/\/www.agenturamontix.cz\/","logo":{"@type":"ImageObject","inLanguage":"en-US","@id":"https:\/\/www.agenturamontix.cz\/#\/schema\/logo\/image\/","url":"https:\/\/www.agenturamontix.cz\/wp-content\/uploads\/2022\/01\/Datovy-zdroj-1-5.png","contentUrl":"https:\/\/www.agenturamontix.cz\/wp-content\/uploads\/2022\/01\/Datovy-zdroj-1-5.png","width":182,"height":40,"caption":"Agentura MONTIX"},"image":{"@id":"https:\/\/www.agenturamontix.cz\/#\/schema\/logo\/image\/"}}]}},"_links":{"self":[{"href":"https:\/\/www.agenturamontix.cz\/en\/wp-json\/wp\/v2\/pages\/1161","targetHints":{"allow":["GET"]}}],"collection":[{"href":"https:\/\/www.agenturamontix.cz\/en\/wp-json\/wp\/v2\/pages"}],"about":[{"href":"https:\/\/www.agenturamontix.cz\/en\/wp-json\/wp\/v2\/types\/page"}],"author":[{"embeddable":true,"href":"https:\/\/www.agenturamontix.cz\/en\/wp-json\/wp\/v2\/users\/1"}],"replies":[{"embeddable":true,"href":"https:\/\/www.agenturamontix.cz\/en\/wp-json\/wp\/v2\/comments?post=1161"}],"version-history":[{"count":8,"href":"https:\/\/www.agenturamontix.cz\/en\/wp-json\/wp\/v2\/pages\/1161\/revisions"}],"predecessor-version":[{"id":1766,"href":"https:\/\/www.agenturamontix.cz\/en\/wp-json\/wp\/v2\/pages\/1161\/revisions\/1766"}],"wp:attachment":[{"href":"https:\/\/www.agenturamontix.cz\/en\/wp-json\/wp\/v2\/media?parent=1161"}],"curies":[{"name":"wp","href":"https:\/\/api.w.org\/{rel}","templated":true}]}}