{"id":1093,"date":"2022-01-31T15:08:25","date_gmt":"2022-01-31T14:08:25","guid":{"rendered":"http:\/\/montix.wbfdev.cz\/pracovnici-ze-zahranici\/"},"modified":"2023-12-08T09:33:34","modified_gmt":"2023-12-08T08:33:34","slug":"pracovnici-ze-zahranici","status":"publish","type":"page","link":"https:\/\/www.agenturamontix.cz\/en\/pracovnici-ze-zahranici\/","title":{"rendered":"Pracovn\u00edci ze zahrani\u010d\u00ed EN"},"content":{"rendered":"\t\t<div data-elementor-type=\"wp-page\" data-elementor-id=\"1093\" class=\"elementor elementor-1093 elementor-180\" data-elementor-post-type=\"page\">\n\t\t\t\t\t\t<section class=\"elementor-section elementor-top-section elementor-element elementor-element-98b15cb elementor-section-full_width elementor-section-height-default elementor-section-height-default\" data-id=\"98b15cb\" data-element_type=\"section\" data-settings=\"{&quot;jet_parallax_layout_list&quot;:[],&quot;background_background&quot;:&quot;classic&quot;,&quot;motion_fx_motion_fx_scrolling&quot;:&quot;yes&quot;,&quot;motion_fx_devices&quot;:[&quot;desktop&quot;,&quot;tablet&quot;,&quot;mobile&quot;]}\">\n\t\t\t\t\t\t\t<div class=\"elementor-background-overlay\"><\/div>\n\t\t\t\t\t\t\t<div class=\"elementor-container elementor-column-gap-default\">\n\t\t\t\t\t<div class=\"elementor-column elementor-col-100 elementor-top-column elementor-element elementor-element-b578d84\" data-id=\"b578d84\" data-element_type=\"column\">\n\t\t\t<div class=\"elementor-widget-wrap elementor-element-populated\">\n\t\t\t\t\t\t<div class=\"elementor-element elementor-element-efc4138 animated-slow elementor-invisible elementor-widget elementor-widget-heading\" data-id=\"efc4138\" data-element_type=\"widget\" data-settings=\"{&quot;_animation&quot;:&quot;fadeIn&quot;,&quot;motion_fx_motion_fx_scrolling&quot;:&quot;yes&quot;,&quot;motion_fx_devices&quot;:[&quot;desktop&quot;,&quot;tablet&quot;,&quot;mobile&quot;]}\" data-widget_type=\"heading.default\">\n\t\t\t\t<div class=\"elementor-widget-container\">\n\t\t\t\t\t<h2 class=\"elementor-heading-title elementor-size-default\">Turnkey foreign employees<\/h2>\t\t\t\t<\/div>\n\t\t\t\t<\/div>\n\t\t\t\t\t<\/div>\n\t\t<\/div>\n\t\t\t\t\t<\/div>\n\t\t<\/section>\n\t\t\t\t<section class=\"elementor-section elementor-top-section elementor-element elementor-element-b5ffeca elementor-section-full_width elementor-section-height-default elementor-section-height-default\" data-id=\"b5ffeca\" data-element_type=\"section\" data-settings=\"{&quot;jet_parallax_layout_list&quot;:[]}\">\n\t\t\t\t\t\t<div class=\"elementor-container elementor-column-gap-default\">\n\t\t\t\t\t<div class=\"elementor-column elementor-col-100 elementor-top-column elementor-element elementor-element-890ac87\" data-id=\"890ac87\" data-element_type=\"column\">\n\t\t\t<div class=\"elementor-widget-wrap elementor-element-populated\">\n\t\t\t\t\t\t<div class=\"elementor-element elementor-element-33a6a67 animated-slow elementor-invisible elementor-widget elementor-widget-text-editor\" data-id=\"33a6a67\" data-element_type=\"widget\" data-settings=\"{&quot;_animation&quot;:&quot;fadeIn&quot;}\" data-widget_type=\"text-editor.default\">\n\t\t\t\t<div class=\"elementor-widget-container\">\n\t\t\t\t\t\t\t\t\t<p><span style=\"font-weight: 400;\">Are you interested in legally employing foreign workers who meet qualification requirements without having to deal with the extensive administration involved? Contact us, we offer a comprehensive solution.<\/span><\/p>\t\t\t\t\t\t\t\t<\/div>\n\t\t\t\t<\/div>\n\t\t\t\t<section class=\"elementor-section elementor-inner-section elementor-element elementor-element-b00bc97 elementor-section-full_width elementor-section-height-default elementor-section-height-default\" data-id=\"b00bc97\" data-element_type=\"section\" data-settings=\"{&quot;jet_parallax_layout_list&quot;:[]}\">\n\t\t\t\t\t\t<div class=\"elementor-container elementor-column-gap-default\">\n\t\t\t\t\t<div class=\"elementor-column elementor-col-50 elementor-inner-column elementor-element elementor-element-84a624b\" data-id=\"84a624b\" data-element_type=\"column\">\n\t\t\t<div class=\"elementor-widget-wrap elementor-element-populated\">\n\t\t\t\t\t\t<div class=\"elementor-element elementor-element-85d91e9 elementor-icon-list--layout-traditional elementor-list-item-link-full_width elementor-widget elementor-widget-icon-list\" data-id=\"85d91e9\" data-element_type=\"widget\" data-widget_type=\"icon-list.default\">\n\t\t\t\t<div class=\"elementor-widget-container\">\n\t\t\t\t\t\t\t<ul class=\"elementor-icon-list-items\">\n\t\t\t\t\t\t\t<li class=\"elementor-icon-list-item\">\n\t\t\t\t\t\t\t\t\t\t\t<span class=\"elementor-icon-list-icon\">\n\t\t\t\t\t\t\t<i aria-hidden=\"true\" class=\"fas fa-chevron-right\"><\/i>\t\t\t\t\t\t<\/span>\n\t\t\t\t\t\t\t\t\t\t<span class=\"elementor-icon-list-text\">We provide qualified workers in production, services, agriculture and healthcare with a length of stay of 3 months to 2 years with the possibility of prolongation<\/span>\n\t\t\t\t\t\t\t\t\t<\/li>\n\t\t\t\t\t\t\t\t<li class=\"elementor-icon-list-item\">\n\t\t\t\t\t\t\t\t\t\t\t<span class=\"elementor-icon-list-icon\">\n\t\t\t\t\t\t\t<i aria-hidden=\"true\" class=\"fas fa-chevron-right\"><\/i>\t\t\t\t\t\t<\/span>\n\t\t\t\t\t\t\t\t\t\t<span class=\"elementor-icon-list-text\">We provide working and highly qualified positions<\/span>\n\t\t\t\t\t\t\t\t\t<\/li>\n\t\t\t\t\t\t\t\t<li class=\"elementor-icon-list-item\">\n\t\t\t\t\t\t\t\t\t\t\t<span class=\"elementor-icon-list-icon\">\n\t\t\t\t\t\t\t<i aria-hidden=\"true\" class=\"fas fa-chevron-right\"><\/i>\t\t\t\t\t\t<\/span>\n\t\t\t\t\t\t\t\t\t\t<span class=\"elementor-icon-list-text\">We provide selection procedures and testing with the participation of the employer virtually or in person in the country<\/span>\n\t\t\t\t\t\t\t\t\t<\/li>\n\t\t\t\t\t\t<\/ul>\n\t\t\t\t\t\t<\/div>\n\t\t\t\t<\/div>\n\t\t\t\t\t<\/div>\n\t\t<\/div>\n\t\t\t\t<div class=\"elementor-column elementor-col-50 elementor-inner-column elementor-element elementor-element-28e11e3\" data-id=\"28e11e3\" data-element_type=\"column\">\n\t\t\t<div class=\"elementor-widget-wrap elementor-element-populated\">\n\t\t\t\t\t\t<div class=\"elementor-element elementor-element-c7a0a6e elementor-icon-list--layout-traditional elementor-list-item-link-full_width elementor-widget elementor-widget-icon-list\" data-id=\"c7a0a6e\" data-element_type=\"widget\" data-widget_type=\"icon-list.default\">\n\t\t\t\t<div class=\"elementor-widget-container\">\n\t\t\t\t\t\t\t<ul class=\"elementor-icon-list-items\">\n\t\t\t\t\t\t\t<li class=\"elementor-icon-list-item\">\n\t\t\t\t\t\t\t\t\t\t\t<span class=\"elementor-icon-list-icon\">\n\t\t\t\t\t\t\t<i aria-hidden=\"true\" class=\"fas fa-chevron-right\"><\/i>\t\t\t\t\t\t<\/span>\n\t\t\t\t\t\t\t\t\t\t<span class=\"elementor-icon-list-text\">We ensure all legislative obligations associated with the employment of foreigners<\/span>\n\t\t\t\t\t\t\t\t\t<\/li>\n\t\t\t\t\t\t\t\t<li class=\"elementor-icon-list-item\">\n\t\t\t\t\t\t\t\t\t\t\t<span class=\"elementor-icon-list-icon\">\n\t\t\t\t\t\t\t<i aria-hidden=\"true\" class=\"fas fa-chevron-right\"><\/i>\t\t\t\t\t\t<\/span>\n\t\t\t\t\t\t\t\t\t\t<span class=\"elementor-icon-list-text\">We provide workers to the permanent stuff or assign them through an employment agency<\/span>\n\t\t\t\t\t\t\t\t\t<\/li>\n\t\t\t\t\t\t\t\t<li class=\"elementor-icon-list-item\">\n\t\t\t\t\t\t\t\t\t\t\t<span class=\"elementor-icon-list-icon\">\n\t\t\t\t\t\t\t<i aria-hidden=\"true\" class=\"fas fa-chevron-right\"><\/i>\t\t\t\t\t\t<\/span>\n\t\t\t\t\t\t\t\t\t\t<span class=\"elementor-icon-list-text\">We are in close contact with foreign workers and employers all the time<\/span>\n\t\t\t\t\t\t\t\t\t<\/li>\n\t\t\t\t\t\t<\/ul>\n\t\t\t\t\t\t<\/div>\n\t\t\t\t<\/div>\n\t\t\t\t\t<\/div>\n\t\t<\/div>\n\t\t\t\t\t<\/div>\n\t\t<\/section>\n\t\t\t\t<section class=\"elementor-section elementor-inner-section elementor-element elementor-element-d21c9b2 elementor-section-full_width agent elementor-section-height-default elementor-section-height-default elementor-invisible\" data-id=\"d21c9b2\" data-element_type=\"section\" data-settings=\"{&quot;jet_parallax_layout_list&quot;:[],&quot;background_background&quot;:&quot;classic&quot;,&quot;animation&quot;:&quot;fadeInLeft&quot;}\">\n\t\t\t\t\t\t\t<div class=\"elementor-background-overlay\"><\/div>\n\t\t\t\t\t\t\t<div class=\"elementor-container elementor-column-gap-default\">\n\t\t\t\t\t<div class=\"make-column-clickable-elementor elementor-column elementor-col-100 elementor-inner-column elementor-element elementor-element-4181d7a\" style=\"cursor: pointer;\" data-column-clickable=\"https:\/\/www.agenturamontix.cz\/pracovnici-z-ukrajiny\/\" data-column-clickable-blank=\"_self\" data-id=\"4181d7a\" data-element_type=\"column\" data-settings=\"{&quot;background_background&quot;:&quot;classic&quot;}\">\n\t\t\t<div class=\"elementor-widget-wrap elementor-element-populated\">\n\t\t\t\t\t\t<div class=\"elementor-element elementor-element-7a7a6f9 animated-slow elementor-invisible elementor-widget elementor-widget-heading\" data-id=\"7a7a6f9\" data-element_type=\"widget\" data-settings=\"{&quot;_animation&quot;:&quot;fadeIn&quot;,&quot;motion_fx_motion_fx_scrolling&quot;:&quot;yes&quot;,&quot;motion_fx_devices&quot;:[&quot;desktop&quot;,&quot;tablet&quot;,&quot;mobile&quot;]}\" data-widget_type=\"heading.default\">\n\t\t\t\t<div class=\"elementor-widget-container\">\n\t\t\t\t\t<h2 class=\"elementor-heading-title elementor-size-default\">Employees from Ukraine<\/h2>\t\t\t\t<\/div>\n\t\t\t\t<\/div>\n\t\t\t\t\t<\/div>\n\t\t<\/div>\n\t\t\t\t\t<\/div>\n\t\t<\/section>\n\t\t\t\t<section class=\"elementor-section elementor-inner-section elementor-element elementor-element-f9a8b58 elementor-section-full_width elementor-section-height-default elementor-section-height-default elementor-invisible\" data-id=\"f9a8b58\" data-element_type=\"section\" data-settings=\"{&quot;jet_parallax_layout_list&quot;:[],&quot;background_background&quot;:&quot;classic&quot;,&quot;animation&quot;:&quot;fadeInLeft&quot;}\">\n\t\t\t\t\t\t\t<div class=\"elementor-background-overlay\"><\/div>\n\t\t\t\t\t\t\t<div class=\"elementor-container elementor-column-gap-default\">\n\t\t\t\t\t<div class=\"make-column-clickable-elementor elementor-column elementor-col-100 elementor-inner-column elementor-element elementor-element-e915364\" style=\"cursor: pointer;\" data-column-clickable=\"https:\/\/www.agenturamontix.cz\/pracovnici-z-indie\/\" data-column-clickable-blank=\"_self\" data-id=\"e915364\" data-element_type=\"column\" data-settings=\"{&quot;background_background&quot;:&quot;classic&quot;}\">\n\t\t\t<div class=\"elementor-widget-wrap elementor-element-populated\">\n\t\t\t\t\t\t<div class=\"elementor-element elementor-element-b6e6e94 animated-slow elementor-invisible elementor-widget elementor-widget-heading\" data-id=\"b6e6e94\" data-element_type=\"widget\" data-settings=\"{&quot;_animation&quot;:&quot;fadeIn&quot;,&quot;motion_fx_motion_fx_scrolling&quot;:&quot;yes&quot;,&quot;motion_fx_devices&quot;:[&quot;desktop&quot;,&quot;tablet&quot;,&quot;mobile&quot;]}\" data-widget_type=\"heading.default\">\n\t\t\t\t<div class=\"elementor-widget-container\">\n\t\t\t\t\t<h2 class=\"elementor-heading-title elementor-size-default\">Employees from India<\/h2>\t\t\t\t<\/div>\n\t\t\t\t<\/div>\n\t\t\t\t\t<\/div>\n\t\t<\/div>\n\t\t\t\t\t<\/div>\n\t\t<\/section>\n\t\t\t\t<section class=\"elementor-section elementor-inner-section elementor-element elementor-element-242ce89 elementor-section-full_width elementor-section-height-default elementor-section-height-default elementor-invisible\" data-id=\"242ce89\" data-element_type=\"section\" data-settings=\"{&quot;jet_parallax_layout_list&quot;:[],&quot;background_background&quot;:&quot;classic&quot;,&quot;animation&quot;:&quot;fadeInLeft&quot;}\">\n\t\t\t\t\t\t\t<div class=\"elementor-background-overlay\"><\/div>\n\t\t\t\t\t\t\t<div class=\"elementor-container elementor-column-gap-default\">\n\t\t\t\t\t<div class=\"make-column-clickable-elementor elementor-column elementor-col-100 elementor-inner-column elementor-element elementor-element-f6c1609\" style=\"cursor: pointer;\" data-column-clickable=\"https:\/\/www.agenturamontix.cz\/pracovnici-z-kazachstanu\/\" data-column-clickable-blank=\"_self\" data-id=\"f6c1609\" data-element_type=\"column\" data-settings=\"{&quot;background_background&quot;:&quot;classic&quot;}\">\n\t\t\t<div class=\"elementor-widget-wrap elementor-element-populated\">\n\t\t\t\t\t\t<div class=\"elementor-element elementor-element-37247bc animated-slow elementor-invisible elementor-widget elementor-widget-heading\" data-id=\"37247bc\" data-element_type=\"widget\" data-settings=\"{&quot;_animation&quot;:&quot;fadeIn&quot;,&quot;motion_fx_motion_fx_scrolling&quot;:&quot;yes&quot;,&quot;motion_fx_devices&quot;:[&quot;desktop&quot;,&quot;tablet&quot;,&quot;mobile&quot;]}\" data-widget_type=\"heading.default\">\n\t\t\t\t<div class=\"elementor-widget-container\">\n\t\t\t\t\t<h2 class=\"elementor-heading-title elementor-size-default\">Employees from Kazakhstan<\/h2>\t\t\t\t<\/div>\n\t\t\t\t<\/div>\n\t\t\t\t\t<\/div>\n\t\t<\/div>\n\t\t\t\t\t<\/div>\n\t\t<\/section>\n\t\t\t\t<section class=\"elementor-section elementor-inner-section elementor-element elementor-element-bcf0c15 elementor-section-full_width elementor-section-height-default elementor-section-height-default elementor-invisible\" data-id=\"bcf0c15\" data-element_type=\"section\" data-settings=\"{&quot;jet_parallax_layout_list&quot;:[],&quot;background_background&quot;:&quot;classic&quot;,&quot;animation&quot;:&quot;fadeInLeft&quot;}\">\n\t\t\t\t\t\t\t<div class=\"elementor-background-overlay\"><\/div>\n\t\t\t\t\t\t\t<div class=\"elementor-container elementor-column-gap-default\">\n\t\t\t\t\t<div class=\"make-column-clickable-elementor elementor-column elementor-col-100 elementor-inner-column elementor-element elementor-element-f7fba39\" style=\"cursor: pointer;\" data-column-clickable=\"https:\/\/www.agenturamontix.cz\/pracovnici-z-mongolska\/\" data-column-clickable-blank=\"_self\" data-id=\"f7fba39\" data-element_type=\"column\" data-settings=\"{&quot;background_background&quot;:&quot;classic&quot;}\">\n\t\t\t<div class=\"elementor-widget-wrap elementor-element-populated\">\n\t\t\t\t\t\t<div class=\"elementor-element elementor-element-44248e1 animated-slow elementor-invisible elementor-widget elementor-widget-heading\" data-id=\"44248e1\" data-element_type=\"widget\" data-settings=\"{&quot;_animation&quot;:&quot;fadeIn&quot;,&quot;motion_fx_motion_fx_scrolling&quot;:&quot;yes&quot;,&quot;motion_fx_devices&quot;:[&quot;desktop&quot;,&quot;tablet&quot;,&quot;mobile&quot;]}\" data-widget_type=\"heading.default\">\n\t\t\t\t<div class=\"elementor-widget-container\">\n\t\t\t\t\t<h2 class=\"elementor-heading-title elementor-size-default\">Employees from mongolia<\/h2>\t\t\t\t<\/div>\n\t\t\t\t<\/div>\n\t\t\t\t\t<\/div>\n\t\t<\/div>\n\t\t\t\t\t<\/div>\n\t\t<\/section>\n\t\t\t\t<section class=\"elementor-section elementor-inner-section elementor-element elementor-element-70e5ea3 elementor-section-full_width elementor-section-height-default elementor-section-height-default elementor-invisible\" data-id=\"70e5ea3\" data-element_type=\"section\" data-settings=\"{&quot;jet_parallax_layout_list&quot;:[],&quot;background_background&quot;:&quot;classic&quot;,&quot;animation&quot;:&quot;fadeInLeft&quot;}\">\n\t\t\t\t\t\t\t<div class=\"elementor-background-overlay\"><\/div>\n\t\t\t\t\t\t\t<div class=\"elementor-container elementor-column-gap-default\">\n\t\t\t\t\t<div class=\"make-column-clickable-elementor elementor-column elementor-col-100 elementor-inner-column elementor-element elementor-element-1fec1b1\" style=\"cursor: pointer;\" data-column-clickable=\"https:\/\/www.agenturamontix.cz\/pracovnici-z-filipin\/\" data-column-clickable-blank=\"_self\" data-id=\"1fec1b1\" data-element_type=\"column\" data-settings=\"{&quot;background_background&quot;:&quot;classic&quot;}\">\n\t\t\t<div class=\"elementor-widget-wrap elementor-element-populated\">\n\t\t\t\t\t\t<div class=\"elementor-element elementor-element-023bd2d animated-slow elementor-invisible elementor-widget elementor-widget-heading\" data-id=\"023bd2d\" data-element_type=\"widget\" data-settings=\"{&quot;_animation&quot;:&quot;fadeIn&quot;,&quot;motion_fx_motion_fx_scrolling&quot;:&quot;yes&quot;,&quot;motion_fx_devices&quot;:[&quot;desktop&quot;,&quot;tablet&quot;,&quot;mobile&quot;]}\" data-widget_type=\"heading.default\">\n\t\t\t\t<div class=\"elementor-widget-container\">\n\t\t\t\t\t<h2 class=\"elementor-heading-title elementor-size-default\">Employees from the Philippines<\/h2>\t\t\t\t<\/div>\n\t\t\t\t<\/div>\n\t\t\t\t\t<\/div>\n\t\t<\/div>\n\t\t\t\t\t<\/div>\n\t\t<\/section>\n\t\t\t\t\t<\/div>\n\t\t<\/div>\n\t\t\t\t\t<\/div>\n\t\t<\/section>\n\t\t\t\t<\/div>\n\t\t","protected":false},"excerpt":{"rendered":"<p>Turnkey foreign employees Are you interested in legally employing foreign workers who meet qualification requirements without having to deal with the extensive administration involved? Contact us, we offer a comprehensive solution. We provide qualified workers in production, services, agriculture and healthcare with a length of stay of 3 months to 2 years with the possibility [&hellip;]<\/p>\n","protected":false},"author":1,"featured_media":0,"parent":0,"menu_order":0,"comment_status":"closed","ping_status":"closed","template":"elementor_header_footer","meta":{"footnotes":""},"class_list":["post-1093","page","type-page","status-publish","hentry"],"yoast_head":"<!-- This site is optimized with the Yoast SEO plugin v25.2 - https:\/\/yoast.com\/wordpress\/plugins\/seo\/ -->\n<title>Pracovn\u00edci ze zahrani\u010d\u00ed EN - MONTIX | person\u00e1ln\u00ed agentura<\/title>\n<meta name=\"robots\" content=\"index, follow, max-snippet:-1, max-image-preview:large, max-video-preview:-1\" \/>\n<link rel=\"canonical\" href=\"https:\/\/www.agenturamontix.cz\/en\/pracovnici-ze-zahranici\/\" \/>\n<meta property=\"og:locale\" content=\"en_US\" \/>\n<meta property=\"og:type\" content=\"article\" \/>\n<meta property=\"og:title\" content=\"Pracovn\u00edci ze zahrani\u010d\u00ed EN - MONTIX | person\u00e1ln\u00ed agentura\" \/>\n<meta property=\"og:description\" content=\"Turnkey foreign employees Are you interested in legally employing foreign workers who meet qualification requirements without having to deal with the extensive administration involved? Contact us, we offer a comprehensive solution. We provide qualified workers in production, services, agriculture and healthcare with a length of stay of 3 months to 2 years with the possibility [&hellip;]\" \/>\n<meta property=\"og:url\" content=\"https:\/\/www.agenturamontix.cz\/en\/pracovnici-ze-zahranici\/\" \/>\n<meta property=\"og:site_name\" content=\"MONTIX | person\u00e1ln\u00ed agentura\" \/>\n<meta property=\"article:modified_time\" content=\"2023-12-08T08:33:34+00:00\" \/>\n<meta name=\"twitter:card\" content=\"summary_large_image\" \/>\n<meta name=\"twitter:label1\" content=\"Est. reading time\" \/>\n\t<meta name=\"twitter:data1\" content=\"1 minute\" \/>\n<script type=\"application\/ld+json\" class=\"yoast-schema-graph\">{\"@context\":\"https:\/\/schema.org\",\"@graph\":[{\"@type\":\"WebPage\",\"@id\":\"https:\/\/www.agenturamontix.cz\/en\/pracovnici-ze-zahranici\/\",\"url\":\"https:\/\/www.agenturamontix.cz\/en\/pracovnici-ze-zahranici\/\",\"name\":\"Pracovn\u00edci ze zahrani\u010d\u00ed EN - MONTIX | person\u00e1ln\u00ed agentura\",\"isPartOf\":{\"@id\":\"https:\/\/www.agenturamontix.cz\/#website\"},\"datePublished\":\"2022-01-31T14:08:25+00:00\",\"dateModified\":\"2023-12-08T08:33:34+00:00\",\"breadcrumb\":{\"@id\":\"https:\/\/www.agenturamontix.cz\/en\/pracovnici-ze-zahranici\/#breadcrumb\"},\"inLanguage\":\"en-US\",\"potentialAction\":[{\"@type\":\"ReadAction\",\"target\":[\"https:\/\/www.agenturamontix.cz\/en\/pracovnici-ze-zahranici\/\"]}]},{\"@type\":\"BreadcrumbList\",\"@id\":\"https:\/\/www.agenturamontix.cz\/en\/pracovnici-ze-zahranici\/#breadcrumb\",\"itemListElement\":[{\"@type\":\"ListItem\",\"position\":1,\"name\":\"Dom\u016f\",\"item\":\"https:\/\/www.agenturamontix.cz\/en\/\"},{\"@type\":\"ListItem\",\"position\":2,\"name\":\"Pracovn\u00edci ze zahrani\u010d\u00ed EN\"}]},{\"@type\":\"WebSite\",\"@id\":\"https:\/\/www.agenturamontix.cz\/#website\",\"url\":\"https:\/\/www.agenturamontix.cz\/\",\"name\":\"MONTIX | person\u00e1ln\u00ed agentura\",\"description\":\"Dal\u0161\u00ed web pou\u017e\u00edvaj\u00edc\u00ed WordPress\",\"publisher\":{\"@id\":\"https:\/\/www.agenturamontix.cz\/#organization\"},\"potentialAction\":[{\"@type\":\"SearchAction\",\"target\":{\"@type\":\"EntryPoint\",\"urlTemplate\":\"https:\/\/www.agenturamontix.cz\/?s={search_term_string}\"},\"query-input\":{\"@type\":\"PropertyValueSpecification\",\"valueRequired\":true,\"valueName\":\"search_term_string\"}}],\"inLanguage\":\"en-US\"},{\"@type\":\"Organization\",\"@id\":\"https:\/\/www.agenturamontix.cz\/#organization\",\"name\":\"Agentura MONTIX\",\"url\":\"https:\/\/www.agenturamontix.cz\/\",\"logo\":{\"@type\":\"ImageObject\",\"inLanguage\":\"en-US\",\"@id\":\"https:\/\/www.agenturamontix.cz\/#\/schema\/logo\/image\/\",\"url\":\"https:\/\/www.agenturamontix.cz\/wp-content\/uploads\/2022\/01\/Datovy-zdroj-1-5.png\",\"contentUrl\":\"https:\/\/www.agenturamontix.cz\/wp-content\/uploads\/2022\/01\/Datovy-zdroj-1-5.png\",\"width\":182,\"height\":40,\"caption\":\"Agentura MONTIX\"},\"image\":{\"@id\":\"https:\/\/www.agenturamontix.cz\/#\/schema\/logo\/image\/\"}}]}<\/script>\n<!-- \/ Yoast SEO plugin. -->","yoast_head_json":{"title":"Pracovn\u00edci ze zahrani\u010d\u00ed EN - MONTIX | person\u00e1ln\u00ed agentura","robots":{"index":"index","follow":"follow","max-snippet":"max-snippet:-1","max-image-preview":"max-image-preview:large","max-video-preview":"max-video-preview:-1"},"canonical":"https:\/\/www.agenturamontix.cz\/en\/pracovnici-ze-zahranici\/","og_locale":"en_US","og_type":"article","og_title":"Pracovn\u00edci ze zahrani\u010d\u00ed EN - MONTIX | person\u00e1ln\u00ed agentura","og_description":"Turnkey foreign employees Are you interested in legally employing foreign workers who meet qualification requirements without having to deal with the extensive administration involved? Contact us, we offer a comprehensive solution. We provide qualified workers in production, services, agriculture and healthcare with a length of stay of 3 months to 2 years with the possibility [&hellip;]","og_url":"https:\/\/www.agenturamontix.cz\/en\/pracovnici-ze-zahranici\/","og_site_name":"MONTIX | person\u00e1ln\u00ed agentura","article_modified_time":"2023-12-08T08:33:34+00:00","twitter_card":"summary_large_image","twitter_misc":{"Est. reading time":"1 minute"},"schema":{"@context":"https:\/\/schema.org","@graph":[{"@type":"WebPage","@id":"https:\/\/www.agenturamontix.cz\/en\/pracovnici-ze-zahranici\/","url":"https:\/\/www.agenturamontix.cz\/en\/pracovnici-ze-zahranici\/","name":"Pracovn\u00edci ze zahrani\u010d\u00ed EN - MONTIX | person\u00e1ln\u00ed agentura","isPartOf":{"@id":"https:\/\/www.agenturamontix.cz\/#website"},"datePublished":"2022-01-31T14:08:25+00:00","dateModified":"2023-12-08T08:33:34+00:00","breadcrumb":{"@id":"https:\/\/www.agenturamontix.cz\/en\/pracovnici-ze-zahranici\/#breadcrumb"},"inLanguage":"en-US","potentialAction":[{"@type":"ReadAction","target":["https:\/\/www.agenturamontix.cz\/en\/pracovnici-ze-zahranici\/"]}]},{"@type":"BreadcrumbList","@id":"https:\/\/www.agenturamontix.cz\/en\/pracovnici-ze-zahranici\/#breadcrumb","itemListElement":[{"@type":"ListItem","position":1,"name":"Dom\u016f","item":"https:\/\/www.agenturamontix.cz\/en\/"},{"@type":"ListItem","position":2,"name":"Pracovn\u00edci ze zahrani\u010d\u00ed EN"}]},{"@type":"WebSite","@id":"https:\/\/www.agenturamontix.cz\/#website","url":"https:\/\/www.agenturamontix.cz\/","name":"MONTIX | person\u00e1ln\u00ed agentura","description":"Dal\u0161\u00ed web pou\u017e\u00edvaj\u00edc\u00ed WordPress","publisher":{"@id":"https:\/\/www.agenturamontix.cz\/#organization"},"potentialAction":[{"@type":"SearchAction","target":{"@type":"EntryPoint","urlTemplate":"https:\/\/www.agenturamontix.cz\/?s={search_term_string}"},"query-input":{"@type":"PropertyValueSpecification","valueRequired":true,"valueName":"search_term_string"}}],"inLanguage":"en-US"},{"@type":"Organization","@id":"https:\/\/www.agenturamontix.cz\/#organization","name":"Agentura MONTIX","url":"https:\/\/www.agenturamontix.cz\/","logo":{"@type":"ImageObject","inLanguage":"en-US","@id":"https:\/\/www.agenturamontix.cz\/#\/schema\/logo\/image\/","url":"https:\/\/www.agenturamontix.cz\/wp-content\/uploads\/2022\/01\/Datovy-zdroj-1-5.png","contentUrl":"https:\/\/www.agenturamontix.cz\/wp-content\/uploads\/2022\/01\/Datovy-zdroj-1-5.png","width":182,"height":40,"caption":"Agentura MONTIX"},"image":{"@id":"https:\/\/www.agenturamontix.cz\/#\/schema\/logo\/image\/"}}]}},"_links":{"self":[{"href":"https:\/\/www.agenturamontix.cz\/en\/wp-json\/wp\/v2\/pages\/1093","targetHints":{"allow":["GET"]}}],"collection":[{"href":"https:\/\/www.agenturamontix.cz\/en\/wp-json\/wp\/v2\/pages"}],"about":[{"href":"https:\/\/www.agenturamontix.cz\/en\/wp-json\/wp\/v2\/types\/page"}],"author":[{"embeddable":true,"href":"https:\/\/www.agenturamontix.cz\/en\/wp-json\/wp\/v2\/users\/1"}],"replies":[{"embeddable":true,"href":"https:\/\/www.agenturamontix.cz\/en\/wp-json\/wp\/v2\/comments?post=1093"}],"version-history":[{"count":8,"href":"https:\/\/www.agenturamontix.cz\/en\/wp-json\/wp\/v2\/pages\/1093\/revisions"}],"predecessor-version":[{"id":1854,"href":"https:\/\/www.agenturamontix.cz\/en\/wp-json\/wp\/v2\/pages\/1093\/revisions\/1854"}],"wp:attachment":[{"href":"https:\/\/www.agenturamontix.cz\/en\/wp-json\/wp\/v2\/media?parent=1093"}],"curies":[{"name":"wp","href":"https:\/\/api.w.org\/{rel}","templated":true}]}}